{"id":36,"date":"2018-08-30T09:13:44","date_gmt":"2018-08-30T09:13:44","guid":{"rendered":"http:\/\/biozad.nl\/?page_id=36"},"modified":"2026-04-08T08:18:50","modified_gmt":"2026-04-08T08:18:50","slug":"materialis-pro","status":"publish","type":"page","link":"https:\/\/dhpcultura.nl\/","title":{"rendered":"Front Page"},"content":{"rendered":"<p>[et_pb_section fb_built=&#8221;1&#8243; fullwidth=&#8221;on&#8221; _builder_version=&#8221;4.27.5&#8243; global_colors_info=&#8221;{}&#8221;][et_pb_fullwidth_image src=&#8221;https:\/\/dhpcultura.nl\/wp-content\/uploads\/2024\/01\/dhp-scaled.jpg&#8221; _builder_version=&#8221;4.27.5&#8243; min_height=&#8221;449.4px&#8221; custom_margin=&#8221;||||false|false&#8221; custom_margin_tablet=&#8221;||||false|false&#8221; custom_margin_phone=&#8221;||-311px||false|false&#8221; custom_margin_last_edited=&#8221;on|phone&#8221; animation_style=&#8221;slide&#8221; global_colors_info=&#8221;{}&#8221;][\/et_pb_fullwidth_image][\/et_pb_section][et_pb_section fb_built=&#8221;1&#8243; _builder_version=&#8221;4.27.5&#8243; min_height_last_edited=&#8221;off|desktop&#8221; global_colors_info=&#8221;{}&#8221;][et_pb_row column_structure=&#8221;2_3,1_3&#8243; _builder_version=&#8221;4.27.5&#8243; background_size=&#8221;initial&#8221; background_position=&#8221;top_left&#8221; background_repeat=&#8221;repeat&#8221; global_colors_info=&#8221;{}&#8221;][et_pb_column type=&#8221;2_3&#8243; _builder_version=&#8221;4.16&#8243; custom_padding=&#8221;|||&#8221; global_colors_info=&#8221;{}&#8221; custom_padding__hover=&#8221;|||&#8221;][et_pb_button button_url=&#8221;https:\/\/dhpcultura.nl\/?page_id=2411&#8243; button_text=&#8221;Bestel nu hier onze producten!&#8221; button_alignment=&#8221;center&#8221; _builder_version=&#8221;4.16&#8243; global_colors_info=&#8221;{}&#8221; button_text_size__hover_enabled=&#8221;off&#8221; button_one_text_size__hover_enabled=&#8221;off&#8221; button_two_text_size__hover_enabled=&#8221;off&#8221; button_text_color__hover_enabled=&#8221;off&#8221; button_one_text_color__hover_enabled=&#8221;off&#8221; button_two_text_color__hover_enabled=&#8221;off&#8221; button_border_width__hover_enabled=&#8221;off&#8221; button_one_border_width__hover_enabled=&#8221;off&#8221; button_two_border_width__hover_enabled=&#8221;off&#8221; button_border_color__hover_enabled=&#8221;off&#8221; button_one_border_color__hover_enabled=&#8221;off&#8221; button_two_border_color__hover_enabled=&#8221;off&#8221; button_border_radius__hover_enabled=&#8221;off&#8221; button_one_border_radius__hover_enabled=&#8221;off&#8221; button_two_border_radius__hover_enabled=&#8221;off&#8221; button_letter_spacing__hover_enabled=&#8221;off&#8221; button_one_letter_spacing__hover_enabled=&#8221;off&#8221; button_two_letter_spacing__hover_enabled=&#8221;off&#8221; button_bg_color__hover_enabled=&#8221;off&#8221; button_one_bg_color__hover_enabled=&#8221;off&#8221; button_two_bg_color__hover_enabled=&#8221;off&#8221;][\/et_pb_button][et_pb_text _builder_version=&#8221;4.27.4&#8243; background_size=&#8221;initial&#8221; background_position=&#8221;top_left&#8221; background_repeat=&#8221;repeat&#8221; use_border_color=&#8221;off&#8221; border_color=&#8221;#ffffff&#8221; border_style=&#8221;solid&#8221; global_colors_info=&#8221;{}&#8221;]<\/p>\n<h1 style=\"text-align: center;\"><em><strong>DHP Cultura Holland<\/strong><\/em><br \/><em><strong>Natuurlijke voedingssupplementen\u00a0<\/strong><\/em><em><strong>voor dieren<\/strong><\/em><\/h1>\n<p>&nbsp;<\/p>\n<p style=\"text-align: center;\">DHP Cultura Holland is\u00a0gespecialiseerd in het produceren van natuurlijke voedingssupplementen voor dieren.<\/p>\n<p style=\"text-align: center;\">Vanaf\u00a01980 zijn wij actief in deze sector waar wij ons in de loop der jaren sterk hebben ontwikkeld in het produceren van natuurlijke- mineralen en voedingstoevoegingen om de gezondheid, de natuurlijke weerstand en conditie te verbeteren van duiven, paarden, honden, vogels,en overige diersoorten.<\/p>\n<p style=\"text-align: center;\">DHP Cultura mag zich daarom\u00a0dan ook de specialist bij uitstek noemen in de ontwikkeling, productie,\u00a0distributie en verkoop van gespecialiseerde natuurlijke voedingssupplementen voor huis, hobby- en sportdieren.<\/p>\n<div style=\"display: none;\">\n<p>Onze expertise op dit gebied onderscheidt ons als leider in het verbeteren van de gezondheid en het welzijn van dieren door middel van hoogwaardige voedingsoplossingen. Bij DHP Cultura richten we ons op het cre\u00ebren van supplementen die geschikt zijn voor een breed scala aan dieren, waaronder huisdieren zoals honden en katten, maar ook recreatieve en sportdieren zoals paarden en exotische huisdieren. Onze producten zijn samengesteld met behulp van de beste natuurlijke ingredi\u00ebnten om ervoor te zorgen dat ze optimale voedingsondersteuning bieden en bijdragen aan de algehele gezondheid van de dieren die ze serveren. Lees ook meer nieuws op <a href=\"https:\/\/nllife.news\">https:\/\/nllife.news<\/a>.<\/p>\n<div class=\"et_pb_section_101\"><a href=\"https:\/\/iuorao.ru\/\">\u0432\u0430\u043d\u0432\u0438\u043d<\/a><\/div>\n<\/div>\n<div style=\"position: absolute; top: -8312px;\">Online-Casinos mit einer Mindesteinzahlung von 5 Euro sind bei Spielern sehr beliebt, da sie eine geringe finanzielle Einstiegsh\u00fcrde bieten. Mit nur 5 Euro kann man das Spielangebot eines Casinos ausprobieren, ohne ein gro\u00dfes Risiko einzugehen. Diese Art von Casinos ist ideal f\u00fcr Anf\u00e4nger, die sich noch nicht sicher sind, wie viel Geld sie investieren m\u00f6chten.<br \/>Ein wesentlicher Vorteil dieser Casinos ist, dass man bereits mit einem kleinen Betrag Zugang zu den meisten Spielen erh\u00e4lt, die auch in teureren Casinos verf\u00fcgbar sind. Dazu geh\u00f6ren beliebte Slots, Tischspiele wie Blackjack und Roulette sowie oft auch Live-Casino-Angebote. Einige Online-Casinos bieten sogar spezielle Bonusangebote f\u00fcr Einzahlungen von nur 5 Euro an, wie zum Beispiel Freispiele oder zus\u00e4tzliche Bonusguthaben, um den Spielern einen zus\u00e4tzlichen Anreiz zu bieten.<br \/>Ein weiterer Pluspunkt ist die Flexibilit\u00e4t bei den Zahlungsmethoden. Viele dieser Casinos unterst\u00fctzen verschiedene Zahlungsmethoden, einschlie\u00dflich Kreditkarten, E-Wallets wie PayPal und Skrill, sowie manchmal auch Kryptow\u00e4hrungen. Dies macht es einfach und bequem, eine Einzahlung zu t\u00e4tigen.<br \/>Insgesamt biete <a href=\"https:\/\/onlinecasinoanleitung.com\/5-euro-einzahlung\/\">Online Casino 5 euro Einzahlung<\/a> eine hervorragende M\u00f6glichkeit, in die Welt des Online-Gl\u00fccksspiels einzutauchen, ohne dabei ein gro\u00dfes finanzielles Risiko einzugehen. Sie sind eine ausgezeichnete Wahl f\u00fcr neue und vorsichtige Spieler, die sich erst einmal umsehen m\u00f6chten.<\/div>\n<div class=\"font-weight-bold\" style=\"opacity: 0;\"><a href=\"https:\/\/kidstravel2.com\">\u043f\u0438\u043d\u0430\u043f \u043a\u0437<\/a><\/div>\n<p>[\/et_pb_text][\/et_pb_column][et_pb_column type=&#8221;1_3&#8243; _builder_version=&#8221;4.16&#8243; custom_padding=&#8221;|||&#8221; global_colors_info=&#8221;{}&#8221; custom_padding__hover=&#8221;|||&#8221;][et_pb_slider _builder_version=&#8221;4.27.6&#8243; background_enable_color=&#8221;off&#8221; custom_button=&#8221;on&#8221; button_text_color=&#8221;#ffffff&#8221; button_border_color=&#8221;#ffffff&#8221; auto=&#8221;on&#8221; auto_speed=&#8221;4000&#8243; hover_enabled=&#8221;0&#8243; border_radii=&#8221;on|22px|22px|22px|22px&#8221; global_colors_info=&#8221;{}&#8221; button_text_size__hover_enabled=&#8221;off&#8221; button_one_text_size__hover_enabled=&#8221;off&#8221; button_two_text_size__hover_enabled=&#8221;off&#8221; button_text_color__hover_enabled=&#8221;off&#8221; button_one_text_color__hover_enabled=&#8221;off&#8221; button_two_text_color__hover_enabled=&#8221;off&#8221; button_border_width__hover_enabled=&#8221;off&#8221; button_one_border_width__hover_enabled=&#8221;off&#8221; button_two_border_width__hover_enabled=&#8221;off&#8221; button_border_color__hover_enabled=&#8221;off&#8221; button_one_border_color__hover_enabled=&#8221;off&#8221; button_two_border_color__hover_enabled=&#8221;off&#8221; button_border_radius__hover_enabled=&#8221;off&#8221; button_one_border_radius__hover_enabled=&#8221;off&#8221; button_two_border_radius__hover_enabled=&#8221;off&#8221; button_letter_spacing__hover_enabled=&#8221;off&#8221; button_one_letter_spacing__hover_enabled=&#8221;off&#8221; button_two_letter_spacing__hover_enabled=&#8221;off&#8221; button_bg_color__hover_enabled=&#8221;off&#8221; button_one_bg_color__hover_enabled=&#8221;off&#8221; button_two_bg_color__hover_enabled=&#8221;off&#8221; sticky_enabled=&#8221;0&#8243;][et_pb_slide heading=&#8221;Beurs Nieuws&#8221; button_text=&#8221;Lees meer&#8221; button_link=&#8221;https:\/\/dhpcultura.nl\/?p=57&#8243; image=&#8221;https:\/\/dhpcultura.nl\/wp-content\/uploads\/2018\/08\/Foto-Beurs-Kassel-e1700643153736.jpg&#8221; use_bg_overlay=&#8221;off&#8221; use_text_overlay=&#8221;off&#8221; _builder_version=&#8221;4.27.6&#8243; button_on_hover=&#8221;on&#8221; hover_enabled=&#8221;0&#8243; global_colors_info=&#8221;{}&#8221; button_text_size__hover_enabled=&#8221;off&#8221; button_one_text_size__hover_enabled=&#8221;off&#8221; button_two_text_size__hover_enabled=&#8221;off&#8221; button_text_color__hover_enabled=&#8221;off&#8221; button_one_text_color__hover_enabled=&#8221;off&#8221; button_two_text_color__hover_enabled=&#8221;off&#8221; button_border_width__hover_enabled=&#8221;off&#8221; button_one_border_width__hover_enabled=&#8221;off&#8221; button_two_border_width__hover_enabled=&#8221;off&#8221; button_border_color__hover_enabled=&#8221;off&#8221; button_one_border_color__hover_enabled=&#8221;off&#8221; button_two_border_color__hover_enabled=&#8221;off&#8221; button_border_radius__hover_enabled=&#8221;off&#8221; button_one_border_radius__hover_enabled=&#8221;off&#8221; button_two_border_radius__hover_enabled=&#8221;off&#8221; button_letter_spacing__hover_enabled=&#8221;off&#8221; button_one_letter_spacing__hover_enabled=&#8221;off&#8221; button_two_letter_spacing__hover_enabled=&#8221;off&#8221; button_bg_color__hover_enabled=&#8221;off&#8221; button_one_bg_color__hover_enabled=&#8221;off&#8221; button_two_bg_color__hover_enabled=&#8221;off&#8221; sticky_transition=&#8221;on&#8221; sticky_enabled=&#8221;0&#8243;]<\/p>\n<p>Wij wensen u namens ons hele team een voorspoedig vliegseizoen!<\/p>\n<p>Wij hopen u later dit jaar weer te mogen verwelkomen op een van onze beurzen.<\/p>\n<p>[\/et_pb_slide][\/et_pb_slider][\/et_pb_column][\/et_pb_row][\/et_pb_section][et_pb_section fb_built=&#8221;1&#8243; _builder_version=&#8221;4.27.4&#8243; _module_preset=&#8221;default&#8221; custom_padding=&#8221;||1px|||&#8221; global_colors_info=&#8221;{}&#8221;][et_pb_row _builder_version=&#8221;4.27.4&#8243; _module_preset=&#8221;default&#8221; custom_padding=&#8221;||1px|||&#8221; global_colors_info=&#8221;{}&#8221;][et_pb_column type=&#8221;4_4&#8243; _builder_version=&#8221;4.27.4&#8243; _module_preset=&#8221;default&#8221; global_colors_info=&#8221;{}&#8221;][et_pb_image src=&#8221;https:\/\/dhpcultura.nl\/wp-content\/uploads\/2018\/08\/horsesbottom-1-1.png&#8221; align=&#8221;center&#8221; align_tablet=&#8221;center&#8221; align_phone=&#8221;center&#8221; align_last_edited=&#8221;on|desktop&#8221; _builder_version=&#8221;4.27.5&#8243; custom_margin=&#8221;||-65px||false|false&#8221; global_colors_info=&#8221;{}&#8221;][\/et_pb_image][\/et_pb_column][\/et_pb_row][\/et_pb_section]<\/p>\n","protected":false},"excerpt":{"rendered":"<p>DHP Cultura HollandNatuurlijke voedingssupplementen\u00a0voor dieren &nbsp; DHP Cultura Holland is\u00a0gespecialiseerd in het produceren van natuurlijke voedingssupplementen voor dieren. Vanaf\u00a01980 zijn wij actief in deze sector waar wij ons in de loop der jaren sterk hebben ontwikkeld in het produceren van natuurlijke- mineralen en voedingstoevoegingen om de gezondheid, de natuurlijke weerstand en conditie te verbeteren van [&hellip;]<\/p>\n","protected":false},"author":1,"featured_media":0,"parent":0,"menu_order":0,"comment_status":"closed","ping_status":"closed","template":"","meta":{"_et_pb_use_builder":"on","_et_pb_old_content":"<div id=\"overlappable-1\" class=\"overlappable-4 content-section content-section-spacing-large\" style=\"background-color: #ffffff;\" data-label=\"Overlappable\" data-id=\"overlappable--1\" data-export-id=\"overlappable-4\" data-category=\"overlappable\" data-overlap=\"true\"><div class=\"gridContainer\"><div class=\"row spaced-cols text-center\" data-type=\"row\"><div class=\"col-xs-12 col-sm-4 col-md-3 \"><p>\u00a0<\/p><div class=\"\" data-type=\"column\"><h5 class=\"\">Professioneel advies<\/h5><\/div><\/div><div class=\"col-xs-12 col-sm-4 col-md-3 \"><p>\u00a0<\/p><div class=\"\" data-type=\"column\"><h5 class=\"\">Hoge kwaliteit<\/h5><\/div><\/div><div class=\"col-xs-12 col-sm-4 col-md-3 \"><p>\u00a0<\/p><div class=\"\" data-type=\"column\"><h5 class=\"\">GMP gecertificeerd<\/h5><\/div><\/div><div class=\"col-xs-12 col-sm-4 col-md-3 \"><p>\u00a0<\/p><div class=\"\" data-type=\"column\"><h5 class=\"\">Voor natuurlijke balans<\/h5><\/div><\/div><\/div><\/div><\/div><div id=\"about-6\" class=\"about-4 content-section content-section-spacing-large\" style=\"background-color: #f5fafd;\" data-label=\"About\" data-id=\"about-4\" data-export-id=\"about-4\" data-category=\"about\"><div class=\"gridContainer\"><div class=\"row middle-sm text-center\"><div class=\"col-sm-5 space-bottom-xs\" data-type=\"column\"><h5 class=\"\">DHP Cultura Holland<\/h5><h2 class=\"\">Gespecialiseerd in<br \/><span style=\"font-family: Playfair Display,sans-serif; font-weight: bold; font-style: italic;\">Natuurlijke Voedingssupplementen<\/span>\u00a0voor dieren.<\/h2><p class=\"\">DHP Cultura Holland is gespecialiseerd in het produceren van natuurlijke voedingssupplementen voor dieren.<br \/>Vanaf 1980 zijn wij actief in deze sector waar wij ons in de loop der jaren sterk hebben ontwikkeld in het produceren van natuurlijke- mineralen en voedingstoevoegingen om de gezondheid, de natuurlijke weerstand en conditie te verbeteren van duiven, paarden, honden, vogels,en overige diersoorten.<br \/>DHP Cultura mag zich daarom dan ook de specialist bij uitstek noemen in de ontwikkeling, productie, distributie en verkoop van gespecialiseerde natuurlijke voedingssupplementen voor huis, hobby- en sportdieren.<\/p><p><a class=\"button mdc-ripple-upgraded big no-shadow color1\" style=\"--mdc-ripple-fg-size: 94.095px; --mdc-ripple-fg-scale: 1.8676;\" href=\"https:\/\/biozad.nl\/producten\" target=\"_self\" data-cp-link=\"1\" data-icon=\"\">lees meer<\/a><\/p><\/div><div class=\"col-sm-7 flexbox center-xs middle-xs image-group-2-img padding-top-bottom\"><img class=\"img-1 rounded mdc-elevation--z10\" src=\"http:\/\/biozad.nl\/wp-content\/plugins\/materialis-companion\/theme-data\/materialis\/sections\/images\/apple-1838564.jpg\" data-size=\"250x200\" \/> <img class=\"img-2 rounded mdc-elevation--z10\" src=\"http:\/\/biozad.nl\/wp-content\/plugins\/materialis-companion\/theme-data\/materialis\/sections\/images\/computer-2569652.jpg\" data-size=\"220x170\" \/><\/div><\/div><\/div><\/div><div id=\"latest-news-1\" class=\"latest-news-1-materialis content-section content-section-spacing-large\" style=\"background-color: #f5fafd;\" data-label=\"Latest-news\" data-id=\"latest-news-1-materialis\" data-export-id=\"latest-news-1-materialis\" data-category=\"latest_news\"><div class=\"gridContainer\"><div class=\"row\"><div class=\"section-title-col\" data-type=\"column\"><h2 class=\"\">Nieuws<\/h2><\/div><\/div><div class=\"row content-left-sm\"><div data-type=\"row\" data-dynamic-columns=\"handled\" data-content-shortcode=\"materialis_latest_news posts=\"3\" \">[materialis_latest_news posts=\"3\"]<\/div><\/div><div class=\"row\"><div class=\"text-center\"><a class=\"button mdc-ripple-upgraded big mdc-elevation--z3 color1\" style=\"--mdc-ripple-fg-size: 141.412px; --mdc-ripple-fg-scale: 1.77994;\" href=\"[materialis_blog_link]\" target=\"_self\" data-attr-shortcode=\"href:materialis_blog_link\" data-icon=\"\">Bekijk al ons nieuws<\/a><\/div><\/div><\/div><\/div><p><img class=\"aligncenter\" src=\"http:\/\/biozad.nl\/wp-content\/uploads\/2018\/08\/horsesbottom-1-1.png\" \/><\/p>","_et_gb_content_width":"","footnotes":""},"class_list":["post-36","page","type-page","status-publish","hentry"],"_links":{"self":[{"href":"https:\/\/dhpcultura.nl\/index.php?rest_route=\/wp\/v2\/pages\/36","targetHints":{"allow":["GET"]}}],"collection":[{"href":"https:\/\/dhpcultura.nl\/index.php?rest_route=\/wp\/v2\/pages"}],"about":[{"href":"https:\/\/dhpcultura.nl\/index.php?rest_route=\/wp\/v2\/types\/page"}],"author":[{"embeddable":true,"href":"https:\/\/dhpcultura.nl\/index.php?rest_route=\/wp\/v2\/users\/1"}],"replies":[{"embeddable":true,"href":"https:\/\/dhpcultura.nl\/index.php?rest_route=%2Fwp%2Fv2%2Fcomments&post=36"}],"version-history":[{"count":232,"href":"https:\/\/dhpcultura.nl\/index.php?rest_route=\/wp\/v2\/pages\/36\/revisions"}],"predecessor-version":[{"id":3972,"href":"https:\/\/dhpcultura.nl\/index.php?rest_route=\/wp\/v2\/pages\/36\/revisions\/3972"}],"wp:attachment":[{"href":"https:\/\/dhpcultura.nl\/index.php?rest_route=%2Fwp%2Fv2%2Fmedia&parent=36"}],"curies":[{"name":"wp","href":"https:\/\/api.w.org\/{rel}","templated":true}]}}