{"id":250,"date":"2018-08-31T20:56:11","date_gmt":"2018-08-31T20:56:11","guid":{"rendered":"http:\/\/biozad.nl\/?post_type=product&#038;p=250"},"modified":"2025-01-19T12:26:36","modified_gmt":"2025-01-19T12:26:36","slug":"gerard-koopman-variamix","status":"publish","type":"product","link":"https:\/\/dhpcultura.nl\/?product=gerard-koopman-variamix","title":{"rendered":"Gerard Koopman Variamix"},"content":{"rendered":"<h2><\/h2>\n<div id=\"cmsblock_271_html\">\n<p><span data-contrast=\"auto\">De Variamix van Gerard Koopman is een samenvoeging van grondstoffen die Gerard al vele jaren verstrekt aan zijn duiven.<\/span><span data-ccp-props=\"{&quot;201341983&quot;:0,&quot;335559739&quot;:160,&quot;335559740&quot;:259}\">\u00a0<\/span><\/p>\n<p><span data-contrast=\"auto\">De samenstelling bevat vele hoogwaardige ingredi\u00ebnten welke met grote precisie en deskundigheid op elkaar zijn afgestemd.<\/span><span data-ccp-props=\"{&quot;201341983&quot;:0,&quot;335559739&quot;:160,&quot;335559740&quot;:259}\">\u00a0<\/span><span data-contrast=\"auto\">Naast gemalen toxine vrije pinda&#8217;s zijn er ook gemalen pecan- en walnoten in verwerkt. Deze noten bezitten een opmerkelijk hoog vitamine percentage en zijn tevens rijk aan thiamine en essenti\u00eble vetzuren. Chia-zaad is ook \u00e9\u00e9n van de opmerkelijke toevoegingen, dit zaad is zeer rijk aan omega 3 vetzuren en alfalinoleenzuur.<\/span> <span data-contrast=\"auto\">Daarnaast zijn er speciale scherpe maagkiezels in verwerkt, fijn kiezelgrit en hoogwaardige gistkorrels welke een positieve invloed hebben op de conditie.<\/span><span data-ccp-props=\"{&quot;201341983&quot;:0,&quot;335559739&quot;:160,&quot;335559740&quot;:259}\">\u00a0<\/span><\/p>\n<p>&nbsp;<\/p>\n<div class=\"Price\"><\/div>\n<\/div>\n","protected":false},"excerpt":{"rendered":"<p>De Variamix van Gerard Koopman is een samenvoeging van grondstoffen die Gerard al vele jaren verstrekt aan zijn duiven.\u00a0 De samenstelling bevat vele hoogwaardige ingredi\u00ebnten welke met grote precisie en deskundigheid op elkaar zijn afgestemd.\u00a0Naast gemalen toxine vrije pinda&#8217;s zijn er ook gemalen pecan- en walnoten in verwerkt. Deze noten bezitten een opmerkelijk hoog vitamine [&hellip;]<\/p>\n","protected":false},"featured_media":1360,"template":"","meta":{"_et_pb_use_builder":"","_et_pb_old_content":"","_et_gb_content_width":""},"product_brand":[],"product_cat":[19,53],"product_tag":[],"class_list":{"0":"post-250","1":"product","2":"type-product","3":"status-publish","4":"has-post-thumbnail","6":"product_cat-duiven","7":"product_cat-mineralen-mengelingen","9":"first","10":"instock","11":"shipping-taxable","12":"purchasable","13":"product-type-variable"},"_links":{"self":[{"href":"https:\/\/dhpcultura.nl\/index.php?rest_route=\/wp\/v2\/product\/250","targetHints":{"allow":["GET"]}}],"collection":[{"href":"https:\/\/dhpcultura.nl\/index.php?rest_route=\/wp\/v2\/product"}],"about":[{"href":"https:\/\/dhpcultura.nl\/index.php?rest_route=\/wp\/v2\/types\/product"}],"wp:featuredmedia":[{"embeddable":true,"href":"https:\/\/dhpcultura.nl\/index.php?rest_route=\/wp\/v2\/media\/1360"}],"wp:attachment":[{"href":"https:\/\/dhpcultura.nl\/index.php?rest_route=%2Fwp%2Fv2%2Fmedia&parent=250"}],"wp:term":[{"taxonomy":"product_brand","embeddable":true,"href":"https:\/\/dhpcultura.nl\/index.php?rest_route=%2Fwp%2Fv2%2Fproduct_brand&post=250"},{"taxonomy":"product_cat","embeddable":true,"href":"https:\/\/dhpcultura.nl\/index.php?rest_route=%2Fwp%2Fv2%2Fproduct_cat&post=250"},{"taxonomy":"product_tag","embeddable":true,"href":"https:\/\/dhpcultura.nl\/index.php?rest_route=%2Fwp%2Fv2%2Fproduct_tag&post=250"}],"curies":[{"name":"wp","href":"https:\/\/api.w.org\/{rel}","templated":true}]}}